{"id":2,"date":"2021-11-13T10:53:08","date_gmt":"2021-11-13T10:53:08","guid":{"rendered":"http:\/\/www.elektrik11.eu\/?page_id=2"},"modified":"2026-02-17T09:02:35","modified_gmt":"2026-02-17T09:02:35","slug":"home-new","status":"publish","type":"page","link":"https:\/\/www.elektrik11.eu\/","title":{"rendered":"Home-New"},"content":{"rendered":"\n<div class=\"wp-block-group\"><div class=\"wp-block-group__inner-container is-layout-constrained wp-block-group-is-layout-constrained\">\n<div class=\"wp-block-columns are-vertically-aligned-center wp-container-content-9cfa9a5a is-layout-flex wp-container-core-columns-is-layout-9d6595d7 wp-block-columns-is-layout-flex\">\n<div class=\"wp-block-column is-vertically-aligned-center is-layout-flow wp-block-column-is-layout-flow\">\n<h2 class=\"wp-block-heading has-vivid-cyan-blue-color has-text-color has-link-color has-x-large-font-size wp-elements-0cbd7a43da1170ed4a3b8bd4d555fcca\" style=\"font-style:italic;font-weight:600\">Anlagen- und Ger\u00e4tepr\u00fcfung<\/h2>\n<\/div>\n\n\n\n<div class=\"wp-block-column is-layout-flow wp-block-column-is-layout-flow\">\n<figure class=\"wp-block-image size-full is-resized\"><img loading=\"lazy\" decoding=\"async\" width=\"464\" height=\"148\" src=\"https:\/\/www.elektrik11.eu\/wp-content\/uploads\/2022\/02\/123.jpg\" alt=\"\" class=\"wp-image-337\" style=\"aspect-ratio:3.135479306685532;width:363px;height:auto\" srcset=\"https:\/\/www.elektrik11.eu\/wp-content\/uploads\/2022\/02\/123.jpg 464w, https:\/\/www.elektrik11.eu\/wp-content\/uploads\/2022\/02\/123-300x96.jpg 300w\" sizes=\"auto, (max-width: 464px) 100vw, 464px\" \/><\/figure>\n<\/div>\n<\/div>\n\n\n\n<p class=\"has-black-color has-text-color has-link-color wp-elements-cea1883e1ae88542757301331caca24e\">\u201eIch bin staatlich gepr\u00fcfter Elektrotechniker aus der Region und habe mich auf elektrische \u00dcberpr\u00fcfungen f\u00fcr Betriebe spezialisiert.<br><br>Viele Unternehmen im Most- und Industrieviertel wissen, dass sie pr\u00fcfen m\u00fcssen \u2013 aber nicht genau wann, wie oder mit welchem Risiko.<br><br>Ich sorge daf\u00fcr, dass Anlagen normgerecht, rechtssicher und ohne Betriebsst\u00f6rung \u00fcberpr\u00fcft werden.<br><br>Besonders wichtig ist mir eine klare Dokumentation, damit meine Kunden bei Beh\u00f6rden oder Versicherungen auf der sicheren Seite sind.\u201c<\/p>\n<\/div><\/div>\n\n\n\n<hr class=\"wp-block-separator has-text-color has-vivid-cyan-blue-color has-alpha-channel-opacity has-vivid-cyan-blue-background-color has-background is-style-default\"\/>\n\n\n<div class=\"wp-block-image is-style-default\">\n<figure class=\"aligncenter size-large\"><img loading=\"lazy\" decoding=\"async\" width=\"1024\" height=\"683\" src=\"https:\/\/www.elektrik11.eu\/wp-content\/uploads\/2026\/02\/Prufung-Elektroanlage-1024x683.png\" alt=\"\" class=\"wp-image-645\" style=\"aspect-ratio:1.4992888417882142;object-fit:cover\" srcset=\"https:\/\/www.elektrik11.eu\/wp-content\/uploads\/2026\/02\/Prufung-Elektroanlage-1024x683.png 1024w, https:\/\/www.elektrik11.eu\/wp-content\/uploads\/2026\/02\/Prufung-Elektroanlage-300x200.png 300w, https:\/\/www.elektrik11.eu\/wp-content\/uploads\/2026\/02\/Prufung-Elektroanlage-768x512.png 768w, https:\/\/www.elektrik11.eu\/wp-content\/uploads\/2026\/02\/Prufung-Elektroanlage.png 1536w\" sizes=\"auto, (max-width: 1024px) 100vw, 1024px\" \/><\/figure>\n<\/div>\n\n\n<p class=\"has-black-color has-text-color has-link-color wp-elements-a2c1ae49c75d16247b6ac9b28b1d4a6d\">\u201eIch unterst\u00fctze Unternehmen und Hausverwaltungen im Most- und Industrieviertel bei wiederkehrenden elektrischen \u00dcberpr\u00fcfungen nach \u00d6VE\/\u00d6NORM.<br><br>Mein Schwerpunkt liegt auf pragmatischer Abwicklung: saubere Protokolle, klare M\u00e4ngelbewertung und planbare Termine \u2013 ohne unn\u00f6tige Betriebsunterbrechungen.<br><br>Mein Ziel ist nicht nur zu pr\u00fcfen, sondern meinen Kunden Sicherheit und Haftungsreduktion zu verschaffen.\u201c<\/p>\n\n\n\n<hr class=\"wp-block-separator has-text-color has-vivid-cyan-blue-color has-alpha-channel-opacity has-vivid-cyan-blue-background-color has-background\"\/>\n\n\n<div class=\"wp-block-image\">\n<figure class=\"aligncenter size-large\"><img loading=\"lazy\" decoding=\"async\" width=\"1024\" height=\"683\" src=\"https:\/\/www.elektrik11.eu\/wp-content\/uploads\/2026\/02\/Prufung-Veranstaltungsort-1024x683.png\" alt=\"\" class=\"wp-image-643\" style=\"aspect-ratio:1.4992888417882142;object-fit:cover\" srcset=\"https:\/\/www.elektrik11.eu\/wp-content\/uploads\/2026\/02\/Prufung-Veranstaltungsort-1024x683.png 1024w, https:\/\/www.elektrik11.eu\/wp-content\/uploads\/2026\/02\/Prufung-Veranstaltungsort-300x200.png 300w, https:\/\/www.elektrik11.eu\/wp-content\/uploads\/2026\/02\/Prufung-Veranstaltungsort-768x512.png 768w, https:\/\/www.elektrik11.eu\/wp-content\/uploads\/2026\/02\/Prufung-Veranstaltungsort.png 1536w\" sizes=\"auto, (max-width: 1024px) 100vw, 1024px\" \/><\/figure>\n<\/div>\n\n\n<p class=\"has-black-color has-text-color has-link-color wp-elements-9f43b7bb52c1afde25e21d462a3ca493\">\u201eRufen Sie mich gerne an, oder buchen Sie hier im Kalender einen Termin um zu sehen wann Ihre n\u00e4chste Pr\u00fcfung ansteht.\u201c<\/p>\n\n\n\n<hr class=\"wp-block-separator has-text-color has-vivid-cyan-blue-color has-alpha-channel-opacity has-vivid-cyan-blue-background-color has-background\"\/>\n\n\n\n<div class=\"wp-block-columns are-vertically-aligned-center is-layout-flex wp-container-core-columns-is-layout-9d6595d7 wp-block-columns-is-layout-flex\">\n<div class=\"wp-block-column is-vertically-aligned-center is-layout-flow wp-block-column-is-layout-flow\"><div class=\"wp-block-image\">\n<figure class=\"aligncenter size-large is-resized\"><img loading=\"lazy\" decoding=\"async\" width=\"1024\" height=\"876\" src=\"https:\/\/www.elektrik11.eu\/wp-content\/uploads\/2026\/02\/elektrik11-2026-1024x876.jpg\" alt=\"\" class=\"wp-image-592\" style=\"aspect-ratio:1.1689887340843943;width:208px;height:auto\" srcset=\"https:\/\/www.elektrik11.eu\/wp-content\/uploads\/2026\/02\/elektrik11-2026-1024x876.jpg 1024w, https:\/\/www.elektrik11.eu\/wp-content\/uploads\/2026\/02\/elektrik11-2026-300x257.jpg 300w, https:\/\/www.elektrik11.eu\/wp-content\/uploads\/2026\/02\/elektrik11-2026-768x657.jpg 768w, https:\/\/www.elektrik11.eu\/wp-content\/uploads\/2026\/02\/elektrik11-2026-1536x1315.jpg 1536w, https:\/\/www.elektrik11.eu\/wp-content\/uploads\/2026\/02\/elektrik11-2026-2048x1753.jpg 2048w\" sizes=\"auto, (max-width: 1024px) 100vw, 1024px\" \/><\/figure>\n<\/div><\/div>\n\n\n\n<div class=\"wp-block-column is-vertically-aligned-center is-layout-flow wp-block-column-is-layout-flow\">\n<p class=\"has-text-align-center has-black-color has-text-color has-link-color has-medium-font-size wp-elements-e4c3e1038a78d75dd5b277d0c9d42762\">ELEKTROTECHNIK<br>Pr\u00fcfen &#8211; Messen &#8211; Installieren<br>Photovoltaik &#8211; Licht &#8211; Antrieb<br>St\u00f6rungsbehebungen &#8211; Service<\/p>\n<\/div>\n\n\n\n<div class=\"wp-block-column is-vertically-aligned-center is-layout-flow wp-block-column-is-layout-flow\"><div class=\"wp-block-image\">\n<figure class=\"aligncenter size-full is-resized\"><img loading=\"lazy\" decoding=\"async\" width=\"756\" height=\"756\" src=\"https:\/\/www.elektrik11.eu\/wp-content\/uploads\/2022\/02\/elestaatlich.png\" alt=\"\" class=\"wp-image-378\" style=\"width:176px;height:auto\" srcset=\"https:\/\/www.elektrik11.eu\/wp-content\/uploads\/2022\/02\/elestaatlich.png 756w, https:\/\/www.elektrik11.eu\/wp-content\/uploads\/2022\/02\/elestaatlich-300x300.png 300w, https:\/\/www.elektrik11.eu\/wp-content\/uploads\/2022\/02\/elestaatlich-150x150.png 150w, https:\/\/www.elektrik11.eu\/wp-content\/uploads\/2022\/02\/elestaatlich-650x650.png 650w\" sizes=\"auto, (max-width: 756px) 100vw, 756px\" \/><\/figure>\n<\/div><\/div>\n<\/div>\n\n\n\n<hr class=\"wp-block-separator has-text-color has-vivid-cyan-blue-color has-alpha-channel-opacity has-vivid-cyan-blue-background-color has-background is-style-default\"\/>\n\n\n\n<div class=\"wp-block-columns is-layout-flex wp-container-core-columns-is-layout-9d6595d7 wp-block-columns-is-layout-flex\">\n<div class=\"wp-block-column is-vertically-aligned-bottom is-layout-flow wp-block-column-is-layout-flow\">\n<p class=\"has-text-align-center has-black-color has-text-color has-link-color has-medium-font-size wp-elements-d0af7ba9d5ed8acc61a959295b7d3d80\">elektrik11 e.U.<br>G\u00fcnter Sch\u00f6nfelder<br>Julius Raab-Promenade 4<br>3100 St. P\u00f6lten<\/p>\n<\/div>\n\n\n\n<div class=\"wp-block-column is-vertically-aligned-stretch is-layout-flow wp-block-column-is-layout-flow\"><div class=\"wp-block-image\">\n<figure class=\"aligncenter size-large is-resized\"><img loading=\"lazy\" decoding=\"async\" width=\"768\" height=\"1024\" src=\"https:\/\/www.elektrik11.eu\/wp-content\/uploads\/2026\/02\/2026-Portrait-GJS-768x1024.png\" alt=\"\" class=\"wp-image-603\" style=\"aspect-ratio:0.7499144714334588;width:201px;height:auto\" srcset=\"https:\/\/www.elektrik11.eu\/wp-content\/uploads\/2026\/02\/2026-Portrait-GJS-768x1024.png 768w, https:\/\/www.elektrik11.eu\/wp-content\/uploads\/2026\/02\/2026-Portrait-GJS-225x300.png 225w, https:\/\/www.elektrik11.eu\/wp-content\/uploads\/2026\/02\/2026-Portrait-GJS-1152x1536.png 1152w, https:\/\/www.elektrik11.eu\/wp-content\/uploads\/2026\/02\/2026-Portrait-GJS-1536x2048.png 1536w, https:\/\/www.elektrik11.eu\/wp-content\/uploads\/2026\/02\/2026-Portrait-GJS.png 1910w\" sizes=\"auto, (max-width: 768px) 100vw, 768px\" \/><\/figure>\n<\/div><\/div>\n\n\n\n<div class=\"wp-block-column is-vertically-aligned-bottom is-layout-flow wp-block-column-is-layout-flow\">\n<p class=\"has-text-align-center has-black-color has-text-color has-link-color has-medium-font-size wp-elements-88a018fa7c47ea4b4468b7cccd40ce9c\">+43 676 953 53 00<br>anfrage@elektrik11.eu<br>www.elektrik11.eu<br>FN: 572268x<\/p>\n\n\n\n<p class=\"has-text-align-center has-black-color has-text-color has-link-color wp-elements-90977516ebfb9bec3d475be1f655efc4\"><a href=\"https:\/\/www.elektrik11.eu\/wp-content\/uploads\/2025\/03\/elektrik11-dsgvo.pdf\" target=\"_blank\" rel=\"noreferrer noopener\">Datenschutzerkl\u00e4rung<\/a><br><a href=\"https:\/\/www.elektrik11.eu\/wp-content\/uploads\/2025\/03\/elektrik11-agb.pdf\" target=\"_blank\" rel=\"noreferrer noopener\">Allgemeine Gesch\u00e4ftsbedingungen<\/a><\/p>\n<\/div>\n<\/div>\n\n\n\n<div style=\"height:100px\" aria-hidden=\"true\" class=\"wp-block-spacer\"><\/div>\n\n\n\n<figure class=\"wp-block-gallery has-nested-images columns-default wp-block-gallery-1 is-layout-flex wp-block-gallery-is-layout-flex\">\n<figure class=\"wp-block-image size-full wp-container-content-69bc4bdf\"><img loading=\"lazy\" decoding=\"async\" width=\"832\" height=\"624\" data-id=\"627\" src=\"https:\/\/www.elektrik11.eu\/wp-content\/uploads\/2026\/02\/e11-2025_-1_modified.jpg\" alt=\"\" class=\"wp-image-627\" srcset=\"https:\/\/www.elektrik11.eu\/wp-content\/uploads\/2026\/02\/e11-2025_-1_modified.jpg 832w, https:\/\/www.elektrik11.eu\/wp-content\/uploads\/2026\/02\/e11-2025_-1_modified-300x225.jpg 300w, https:\/\/www.elektrik11.eu\/wp-content\/uploads\/2026\/02\/e11-2025_-1_modified-768x576.jpg 768w\" sizes=\"auto, (max-width: 832px) 100vw, 832px\" \/><\/figure>\n\n\n\n<figure class=\"wp-block-image size-large\"><img loading=\"lazy\" decoding=\"async\" width=\"1024\" height=\"768\" data-id=\"625\" src=\"https:\/\/www.elektrik11.eu\/wp-content\/uploads\/2026\/02\/e11-2025_-5_modified-1024x768.jpg\" alt=\"\" class=\"wp-image-625\" srcset=\"https:\/\/www.elektrik11.eu\/wp-content\/uploads\/2026\/02\/e11-2025_-5_modified-1024x768.jpg 1024w, https:\/\/www.elektrik11.eu\/wp-content\/uploads\/2026\/02\/e11-2025_-5_modified-300x225.jpg 300w, https:\/\/www.elektrik11.eu\/wp-content\/uploads\/2026\/02\/e11-2025_-5_modified-768x576.jpg 768w, https:\/\/www.elektrik11.eu\/wp-content\/uploads\/2026\/02\/e11-2025_-5_modified-1536x1152.jpg 1536w, https:\/\/www.elektrik11.eu\/wp-content\/uploads\/2026\/02\/e11-2025_-5_modified-2048x1536.jpg 2048w\" sizes=\"auto, (max-width: 1024px) 100vw, 1024px\" \/><\/figure>\n\n\n\n<figure class=\"wp-block-image size-large\"><img loading=\"lazy\" decoding=\"async\" width=\"1024\" height=\"768\" data-id=\"612\" src=\"https:\/\/www.elektrik11.eu\/wp-content\/uploads\/2026\/02\/e11-2025_-9-1024x768.jpg\" alt=\"\" class=\"wp-image-612\" srcset=\"https:\/\/www.elektrik11.eu\/wp-content\/uploads\/2026\/02\/e11-2025_-9-1024x768.jpg 1024w, https:\/\/www.elektrik11.eu\/wp-content\/uploads\/2026\/02\/e11-2025_-9-300x225.jpg 300w, https:\/\/www.elektrik11.eu\/wp-content\/uploads\/2026\/02\/e11-2025_-9-768x576.jpg 768w, https:\/\/www.elektrik11.eu\/wp-content\/uploads\/2026\/02\/e11-2025_-9-1536x1152.jpg 1536w, https:\/\/www.elektrik11.eu\/wp-content\/uploads\/2026\/02\/e11-2025_-9.jpg 1600w\" sizes=\"auto, (max-width: 1024px) 100vw, 1024px\" \/><\/figure>\n\n\n\n<figure class=\"wp-block-image size-large\"><img loading=\"lazy\" decoding=\"async\" width=\"786\" height=\"1024\" data-id=\"611\" src=\"https:\/\/www.elektrik11.eu\/wp-content\/uploads\/2026\/02\/e11-2025_-10-786x1024.jpg\" alt=\"\" class=\"wp-image-611\" srcset=\"https:\/\/www.elektrik11.eu\/wp-content\/uploads\/2026\/02\/e11-2025_-10-786x1024.jpg 786w, https:\/\/www.elektrik11.eu\/wp-content\/uploads\/2026\/02\/e11-2025_-10-230x300.jpg 230w, https:\/\/www.elektrik11.eu\/wp-content\/uploads\/2026\/02\/e11-2025_-10-768x1000.jpg 768w, https:\/\/www.elektrik11.eu\/wp-content\/uploads\/2026\/02\/e11-2025_-10.jpg 834w\" sizes=\"auto, (max-width: 786px) 100vw, 786px\" \/><\/figure>\n\n\n\n<figure class=\"wp-block-image size-large\"><img loading=\"lazy\" decoding=\"async\" width=\"787\" height=\"1024\" data-id=\"628\" src=\"https:\/\/www.elektrik11.eu\/wp-content\/uploads\/2026\/02\/e11-2025_-8_modified-787x1024.jpg\" alt=\"\" class=\"wp-image-628\" srcset=\"https:\/\/www.elektrik11.eu\/wp-content\/uploads\/2026\/02\/e11-2025_-8_modified-787x1024.jpg 787w, https:\/\/www.elektrik11.eu\/wp-content\/uploads\/2026\/02\/e11-2025_-8_modified-230x300.jpg 230w, https:\/\/www.elektrik11.eu\/wp-content\/uploads\/2026\/02\/e11-2025_-8_modified-768x1000.jpg 768w, https:\/\/www.elektrik11.eu\/wp-content\/uploads\/2026\/02\/e11-2025_-8_modified.jpg 1126w\" sizes=\"auto, (max-width: 787px) 100vw, 787px\" \/><\/figure>\n\n\n\n<figure class=\"wp-block-image size-large\"><img loading=\"lazy\" decoding=\"async\" width=\"787\" height=\"1024\" data-id=\"631\" src=\"https:\/\/www.elektrik11.eu\/wp-content\/uploads\/2026\/02\/e11-2025_-6_modified-787x1024.jpg\" alt=\"\" class=\"wp-image-631\" srcset=\"https:\/\/www.elektrik11.eu\/wp-content\/uploads\/2026\/02\/e11-2025_-6_modified-787x1024.jpg 787w, https:\/\/www.elektrik11.eu\/wp-content\/uploads\/2026\/02\/e11-2025_-6_modified-230x300.jpg 230w, https:\/\/www.elektrik11.eu\/wp-content\/uploads\/2026\/02\/e11-2025_-6_modified-768x1000.jpg 768w, https:\/\/www.elektrik11.eu\/wp-content\/uploads\/2026\/02\/e11-2025_-6_modified-1180x1536.jpg 1180w, https:\/\/www.elektrik11.eu\/wp-content\/uploads\/2026\/02\/e11-2025_-6_modified-1573x2048.jpg 1573w, https:\/\/www.elektrik11.eu\/wp-content\/uploads\/2026\/02\/e11-2025_-6_modified-scaled.jpg 1966w\" sizes=\"auto, (max-width: 787px) 100vw, 787px\" \/><\/figure>\n\n\n\n<figure class=\"wp-block-image size-large\"><img loading=\"lazy\" decoding=\"async\" width=\"1024\" height=\"1024\" data-id=\"632\" src=\"https:\/\/www.elektrik11.eu\/wp-content\/uploads\/2026\/02\/e11-2025_-7_modified-1024x1024.jpg\" alt=\"\" class=\"wp-image-632\" srcset=\"https:\/\/www.elektrik11.eu\/wp-content\/uploads\/2026\/02\/e11-2025_-7_modified-1024x1024.jpg 1024w, https:\/\/www.elektrik11.eu\/wp-content\/uploads\/2026\/02\/e11-2025_-7_modified-300x300.jpg 300w, https:\/\/www.elektrik11.eu\/wp-content\/uploads\/2026\/02\/e11-2025_-7_modified-150x150.jpg 150w, https:\/\/www.elektrik11.eu\/wp-content\/uploads\/2026\/02\/e11-2025_-7_modified-768x768.jpg 768w, https:\/\/www.elektrik11.eu\/wp-content\/uploads\/2026\/02\/e11-2025_-7_modified-1536x1536.jpg 1536w, https:\/\/www.elektrik11.eu\/wp-content\/uploads\/2026\/02\/e11-2025_-7_modified-650x650.jpg 650w, https:\/\/www.elektrik11.eu\/wp-content\/uploads\/2026\/02\/e11-2025_-7_modified.jpg 1894w\" sizes=\"auto, (max-width: 1024px) 100vw, 1024px\" \/><\/figure>\n\n\n\n<figure class=\"wp-block-image size-large\"><img loading=\"lazy\" decoding=\"async\" width=\"1024\" height=\"1024\" data-id=\"615\" src=\"https:\/\/www.elektrik11.eu\/wp-content\/uploads\/2026\/02\/e11-2025_-3-1024x1024.jpg\" alt=\"\" class=\"wp-image-615\" srcset=\"https:\/\/www.elektrik11.eu\/wp-content\/uploads\/2026\/02\/e11-2025_-3-1024x1024.jpg 1024w, https:\/\/www.elektrik11.eu\/wp-content\/uploads\/2026\/02\/e11-2025_-3-300x300.jpg 300w, https:\/\/www.elektrik11.eu\/wp-content\/uploads\/2026\/02\/e11-2025_-3-150x150.jpg 150w, https:\/\/www.elektrik11.eu\/wp-content\/uploads\/2026\/02\/e11-2025_-3-768x768.jpg 768w, https:\/\/www.elektrik11.eu\/wp-content\/uploads\/2026\/02\/e11-2025_-3-1536x1536.jpg 1536w, https:\/\/www.elektrik11.eu\/wp-content\/uploads\/2026\/02\/e11-2025_-3-2048x2048.jpg 2048w, https:\/\/www.elektrik11.eu\/wp-content\/uploads\/2026\/02\/e11-2025_-3-650x650.jpg 650w\" sizes=\"auto, (max-width: 1024px) 100vw, 1024px\" \/><\/figure>\n\n\n\n<figure class=\"wp-block-image size-large\"><img loading=\"lazy\" decoding=\"async\" width=\"1024\" height=\"1024\" data-id=\"609\" src=\"https:\/\/www.elektrik11.eu\/wp-content\/uploads\/2026\/02\/e11-2025_-2-1024x1024.jpg\" alt=\"\" class=\"wp-image-609\" srcset=\"https:\/\/www.elektrik11.eu\/wp-content\/uploads\/2026\/02\/e11-2025_-2-1024x1024.jpg 1024w, https:\/\/www.elektrik11.eu\/wp-content\/uploads\/2026\/02\/e11-2025_-2-300x300.jpg 300w, https:\/\/www.elektrik11.eu\/wp-content\/uploads\/2026\/02\/e11-2025_-2-150x150.jpg 150w, https:\/\/www.elektrik11.eu\/wp-content\/uploads\/2026\/02\/e11-2025_-2-768x768.jpg 768w, https:\/\/www.elektrik11.eu\/wp-content\/uploads\/2026\/02\/e11-2025_-2-1536x1536.jpg 1536w, https:\/\/www.elektrik11.eu\/wp-content\/uploads\/2026\/02\/e11-2025_-2-2048x2048.jpg 2048w, https:\/\/www.elektrik11.eu\/wp-content\/uploads\/2026\/02\/e11-2025_-2-650x650.jpg 650w\" sizes=\"auto, (max-width: 1024px) 100vw, 1024px\" \/><\/figure>\n<\/figure>\n","protected":false},"excerpt":{"rendered":"<p>Anlagen- und Ger\u00e4tepr\u00fcfung \u201eIch bin staatlich gepr\u00fcfter Elektrotechniker aus der Region und habe mich auf elektrische \u00dcberpr\u00fcfungen f\u00fcr Betriebe spezialisiert. Viele Unternehmen im Most- und Industrieviertel wissen, dass sie pr\u00fcfen m\u00fcssen \u2013 aber nicht genau wann, wie oder mit welchem Risiko. Ich sorge daf\u00fcr, dass Anlagen normgerecht, rechtssicher und ohne Betriebsst\u00f6rung \u00fcberpr\u00fcft werden. Besonders wichtig [&hellip;]<\/p>\n","protected":false},"author":1,"featured_media":0,"parent":0,"menu_order":0,"comment_status":"closed","ping_status":"closed","template":"fullwidth-page.php","meta":{"footnotes":""},"class_list":["post-2","page","type-page","status-publish","hentry"],"_links":{"self":[{"href":"https:\/\/www.elektrik11.eu\/index.php?rest_route=\/wp\/v2\/pages\/2","targetHints":{"allow":["GET"]}}],"collection":[{"href":"https:\/\/www.elektrik11.eu\/index.php?rest_route=\/wp\/v2\/pages"}],"about":[{"href":"https:\/\/www.elektrik11.eu\/index.php?rest_route=\/wp\/v2\/types\/page"}],"author":[{"embeddable":true,"href":"https:\/\/www.elektrik11.eu\/index.php?rest_route=\/wp\/v2\/users\/1"}],"replies":[{"embeddable":true,"href":"https:\/\/www.elektrik11.eu\/index.php?rest_route=%2Fwp%2Fv2%2Fcomments&post=2"}],"version-history":[{"count":32,"href":"https:\/\/www.elektrik11.eu\/index.php?rest_route=\/wp\/v2\/pages\/2\/revisions"}],"predecessor-version":[{"id":646,"href":"https:\/\/www.elektrik11.eu\/index.php?rest_route=\/wp\/v2\/pages\/2\/revisions\/646"}],"wp:attachment":[{"href":"https:\/\/www.elektrik11.eu\/index.php?rest_route=%2Fwp%2Fv2%2Fmedia&parent=2"}],"curies":[{"name":"wp","href":"https:\/\/api.w.org\/{rel}","templated":true}]}}